{"id":11,"date":"2026-02-24T00:33:24","date_gmt":"2026-02-24T00:33:24","guid":{"rendered":"https:\/\/cursosia.ulec.online\/?page_id=11"},"modified":"2026-03-17T04:02:46","modified_gmt":"2026-03-17T04:02:46","slug":"cursoia","status":"publish","type":"page","link":"https:\/\/cursosia.ulec.online\/","title":{"rendered":"CursoIA"},"content":{"rendered":"\t\t<div data-elementor-type=\"wp-page\" data-elementor-id=\"11\" class=\"elementor elementor-11\">\n\t\t\t\t<div class=\"elementor-element elementor-element-0b65e2e e-flex e-con-boxed e-con e-parent\" data-id=\"0b65e2e\" data-element_type=\"container\" data-e-type=\"container\" data-settings=\"{&quot;background_background&quot;:&quot;classic&quot;}\">\n\t\t\t\t\t<div class=\"e-con-inner\">\n\t\t\t\t<div class=\"elementor-element elementor-element-9ad0e14 elementor-widget elementor-widget-text-editor\" data-id=\"9ad0e14\" data-element_type=\"widget\" data-e-type=\"widget\" data-widget_type=\"text-editor.default\">\n\t\t\t\t\t\t\t\t\t<p style=\"text-align: center;\"><strong><span style=\"color: #ffffff;\">TALLER GRATUITO ONLINE<\/span><\/strong><\/p>\t\t\t\t\t\t\t\t<\/div>\n\t\t\t\t\t<\/div>\n\t\t\t\t<\/div>\n\t\t<div class=\"elementor-element elementor-element-3d33834 e-flex e-con-boxed e-con e-parent\" data-id=\"3d33834\" data-element_type=\"container\" data-e-type=\"container\" data-settings=\"{&quot;background_background&quot;:&quot;classic&quot;}\">\n\t\t\t\t\t<div class=\"e-con-inner\">\n\t\t\t\t<div class=\"elementor-element elementor-element-c168ca4 elementor-widget elementor-widget-image\" data-id=\"c168ca4\" data-element_type=\"widget\" data-e-type=\"widget\" data-widget_type=\"image.default\">\n\t\t\t\t\t\t\t\t\t\t\t\t\t\t\t<img fetchpriority=\"high\" decoding=\"async\" width=\"1024\" height=\"308\" src=\"https:\/\/cursosia.ulec.online\/wp-content\/uploads\/2026\/02\/logosia-2-1024x308.png\" class=\"attachment-large size-large wp-image-19\" alt=\"\" srcset=\"https:\/\/cursosia.ulec.online\/wp-content\/uploads\/2026\/02\/logosia-2-1024x308.png 1024w, https:\/\/cursosia.ulec.online\/wp-content\/uploads\/2026\/02\/logosia-2-300x90.png 300w, https:\/\/cursosia.ulec.online\/wp-content\/uploads\/2026\/02\/logosia-2-768x231.png 768w, https:\/\/cursosia.ulec.online\/wp-content\/uploads\/2026\/02\/logosia-2-1536x462.png 1536w, https:\/\/cursosia.ulec.online\/wp-content\/uploads\/2026\/02\/logosia-2.png 1661w\" sizes=\"(max-width: 1024px) 100vw, 1024px\" \/>\t\t\t\t\t\t\t\t\t\t\t\t\t\t\t<\/div>\n\t\t\t\t\t<\/div>\n\t\t\t\t<\/div>\n\t\t<div class=\"elementor-element elementor-element-41cc97e e-flex e-con-boxed e-con e-parent\" data-id=\"41cc97e\" data-element_type=\"container\" data-e-type=\"container\" data-settings=\"{&quot;background_background&quot;:&quot;classic&quot;}\">\n\t\t\t\t\t<div class=\"e-con-inner\">\n\t\t\t\t<div class=\"elementor-element elementor-element-a8523ed elementor-widget elementor-widget-image\" data-id=\"a8523ed\" data-element_type=\"widget\" data-e-type=\"widget\" data-widget_type=\"image.default\">\n\t\t\t\t\t\t\t\t\t\t\t\t\t\t\t<img decoding=\"async\" width=\"666\" height=\"1536\" src=\"https:\/\/cursosia.ulec.online\/wp-content\/uploads\/2026\/03\/texto1-2-666x1536.jpg\" class=\"attachment-1536x1536 size-1536x1536 wp-image-184\" alt=\"\" srcset=\"https:\/\/cursosia.ulec.online\/wp-content\/uploads\/2026\/03\/texto1-2-666x1536.jpg 666w, https:\/\/cursosia.ulec.online\/wp-content\/uploads\/2026\/03\/texto1-2-130x300.jpg 130w, https:\/\/cursosia.ulec.online\/wp-content\/uploads\/2026\/03\/texto1-2-444x1024.jpg 444w, https:\/\/cursosia.ulec.online\/wp-content\/uploads\/2026\/03\/texto1-2-768x1772.jpg 768w, https:\/\/cursosia.ulec.online\/wp-content\/uploads\/2026\/03\/texto1-2-scaled.jpg 1109w\" sizes=\"(max-width: 666px) 100vw, 666px\" \/>\t\t\t\t\t\t\t\t\t\t\t\t\t\t\t<\/div>\n\t\t\t\t<div class=\"elementor-element elementor-element-27bb203 elementor-align-center elementor-widget elementor-widget-button\" data-id=\"27bb203\" data-element_type=\"widget\" data-e-type=\"widget\" data-widget_type=\"button.default\">\n\t\t\t\t\t\t\t\t\t\t<a class=\"elementor-button elementor-button-link elementor-size-sm elementor-animation-pulse\" href=\"https:\/\/chat.whatsapp.com\/I1o0o0qCjqk9Rv5GBLgb7I\">\n\t\t\t\t\t\t<span class=\"elementor-button-content-wrapper\">\n\t\t\t\t\t\t\t\t\t<span class=\"elementor-button-text\">QUIERO RESERVAR MI LUGAR<\/span>\n\t\t\t\t\t<\/span>\n\t\t\t\t\t<\/a>\n\t\t\t\t\t\t\t\t<\/div>\n\t\t\t\t<div class=\"elementor-element elementor-element-979e4cf elementor-widget elementor-widget-spacer\" data-id=\"979e4cf\" data-element_type=\"widget\" data-e-type=\"widget\" data-widget_type=\"spacer.default\">\n\t\t\t\t\t\t\t<div class=\"elementor-spacer\">\n\t\t\t<div class=\"elementor-spacer-inner\"><\/div>\n\t\t<\/div>\n\t\t\t\t\t\t<\/div>\n\t\t\t\t\t<\/div>\n\t\t\t\t<\/div>\n\t\t<div class=\"elementor-element elementor-element-913f6f0 e-flex e-con-boxed e-con e-parent\" data-id=\"913f6f0\" data-element_type=\"container\" data-e-type=\"container\" data-settings=\"{&quot;background_background&quot;:&quot;classic&quot;}\">\n\t\t\t\t\t<div class=\"e-con-inner\">\n\t\t\t\t<div class=\"elementor-element elementor-element-ab151db elementor-widget elementor-widget-text-editor\" data-id=\"ab151db\" data-element_type=\"widget\" data-e-type=\"widget\" data-widget_type=\"text-editor.default\">\n\t\t\t\t\t\t\t\t\t<p style=\"text-align: center;\"><strong><span style=\"color: #ffffff;\">ESTO ES LO QUE APRENDERAS<\/span><\/strong><\/p>\t\t\t\t\t\t\t\t<\/div>\n\t\t\t\t\t<\/div>\n\t\t\t\t<\/div>\n\t\t<div class=\"elementor-element elementor-element-7e55f86 e-flex e-con-boxed e-con e-parent\" data-id=\"7e55f86\" data-element_type=\"container\" data-e-type=\"container\" data-settings=\"{&quot;background_background&quot;:&quot;classic&quot;}\">\n\t\t\t\t\t<div class=\"e-con-inner\">\n\t\t\t\t<div class=\"elementor-element elementor-element-02f697a elementor-widget elementor-widget-image\" data-id=\"02f697a\" data-element_type=\"widget\" data-e-type=\"widget\" data-widget_type=\"image.default\">\n\t\t\t\t\t\t\t\t\t\t\t\t\t\t\t<img decoding=\"async\" src=\"https:\/\/cursosia.ulec.online\/wp-content\/uploads\/elementor\/thumbs\/chat-1-rjluoiuzb6bhvcbthcahpwnrdcagds760r06uc7fv2.png\" title=\"chat\" alt=\"chat\" loading=\"lazy\" \/>\t\t\t\t\t\t\t\t\t\t\t\t\t\t\t<\/div>\n\t\t\t\t\t<\/div>\n\t\t\t\t<\/div>\n\t\t<div class=\"elementor-element elementor-element-5132631 e-flex e-con-boxed e-con e-parent\" data-id=\"5132631\" data-element_type=\"container\" data-e-type=\"container\" data-settings=\"{&quot;background_background&quot;:&quot;classic&quot;}\">\n\t\t\t\t\t<div class=\"e-con-inner\">\n\t\t\t\t<div class=\"elementor-element elementor-element-e14d680 elementor-widget elementor-widget-text-editor\" data-id=\"e14d680\" data-element_type=\"widget\" data-e-type=\"widget\" data-widget_type=\"text-editor.default\">\n\t\t\t\t\t\t\t\t\t<p style=\"text-align: center;\"><span style=\"color: #339966;\"><b>Entiende como funciona la\u00a0 <\/b><b>Inteligencia Artificial<\/b><\/span><\/p><ul><li><p><span style=\"color: #ffffff;\">ChatGPT como nuestro mejor aliado, entiende como manejar y crear todo a partir de texto.<\/span><\/p><\/li><li><p><span style=\"color: #ffffff;\">Conoce el M\u00c9TODO A.R.C.O. para usar las herramientas de IA sin experiencia previa y con lenguaje sencillo.<\/span><\/p><\/li><\/ul>\t\t\t\t\t\t\t\t<\/div>\n\t\t\t\t\t<\/div>\n\t\t\t\t<\/div>\n\t\t<div class=\"elementor-element elementor-element-febc335 e-flex e-con-boxed e-con e-parent\" data-id=\"febc335\" data-element_type=\"container\" data-e-type=\"container\" data-settings=\"{&quot;background_background&quot;:&quot;classic&quot;}\">\n\t\t\t\t\t<div class=\"e-con-inner\">\n\t\t\t\t<div class=\"elementor-element elementor-element-a9def2b elementor-widget elementor-widget-image\" data-id=\"a9def2b\" data-element_type=\"widget\" data-e-type=\"widget\" data-widget_type=\"image.default\">\n\t\t\t\t\t\t\t\t\t\t\t\t\t\t\t<img decoding=\"async\" width=\"1024\" height=\"329\" src=\"https:\/\/cursosia.ulec.online\/wp-content\/uploads\/2026\/02\/2logos-2-1024x329.png\" class=\"attachment-large size-large wp-image-37\" alt=\"\" srcset=\"https:\/\/cursosia.ulec.online\/wp-content\/uploads\/2026\/02\/2logos-2-1024x329.png 1024w, https:\/\/cursosia.ulec.online\/wp-content\/uploads\/2026\/02\/2logos-2-300x96.png 300w, https:\/\/cursosia.ulec.online\/wp-content\/uploads\/2026\/02\/2logos-2-768x247.png 768w, https:\/\/cursosia.ulec.online\/wp-content\/uploads\/2026\/02\/2logos-2.png 1366w\" sizes=\"(max-width: 1024px) 100vw, 1024px\" \/>\t\t\t\t\t\t\t\t\t\t\t\t\t\t\t<\/div>\n\t\t\t\t\t<\/div>\n\t\t\t\t<\/div>\n\t\t<div class=\"elementor-element elementor-element-f27fed7 e-flex e-con-boxed e-con e-parent\" data-id=\"f27fed7\" data-element_type=\"container\" data-e-type=\"container\" data-settings=\"{&quot;background_background&quot;:&quot;classic&quot;}\">\n\t\t\t\t\t<div class=\"e-con-inner\">\n\t\t\t\t<div class=\"elementor-element elementor-element-5ba8fbf elementor-widget elementor-widget-text-editor\" data-id=\"5ba8fbf\" data-element_type=\"widget\" data-e-type=\"widget\" data-widget_type=\"text-editor.default\">\n\t\t\t\t\t\t\t\t\t<p style=\"text-align: center;\"><span style=\"color: #339966;\"><b>Aprende a usar una de las IAs\u00a0 <\/b><b>mas conocidas de Google<\/b><\/span><\/p><ul><li><p><span style=\"color: #ffffff;\">Funcionalidades de Gemini para generar ideas de videos. No solo prompts b\u00e1sicos sino c\u00f3mo pedirle guiones optimizados para vender, captar atenci\u00f3n y monetizar.<\/span><\/p><\/li><li><p><span style=\"color: #ffffff;\">C\u00f3mo convertir textos simples en videos autom\u00e1ticos usando Nano Banana. Ver\u00e1n en vivo c\u00f3mo pasar de una idea escrita a un video listo para publicar en minutos.<\/span><\/p><\/li><\/ul>\t\t\t\t\t\t\t\t<\/div>\n\t\t\t\t\t<\/div>\n\t\t\t\t<\/div>\n\t\t<div class=\"elementor-element elementor-element-482abc2 e-flex e-con-boxed e-con e-parent\" data-id=\"482abc2\" data-element_type=\"container\" data-e-type=\"container\" data-settings=\"{&quot;background_background&quot;:&quot;classic&quot;}\">\n\t\t\t\t\t<div class=\"e-con-inner\">\n\t\t\t\t<div class=\"elementor-element elementor-element-3478855 elementor-widget elementor-widget-image\" data-id=\"3478855\" data-element_type=\"widget\" data-e-type=\"widget\" data-widget_type=\"image.default\">\n\t\t\t\t\t\t\t\t\t\t\t\t\t\t\t<img loading=\"lazy\" decoding=\"async\" width=\"1024\" height=\"329\" src=\"https:\/\/cursosia.ulec.online\/wp-content\/uploads\/2026\/02\/2logos-flowveo-1024x329.png\" class=\"attachment-large size-large wp-image-39\" alt=\"\" srcset=\"https:\/\/cursosia.ulec.online\/wp-content\/uploads\/2026\/02\/2logos-flowveo-1024x329.png 1024w, https:\/\/cursosia.ulec.online\/wp-content\/uploads\/2026\/02\/2logos-flowveo-300x96.png 300w, https:\/\/cursosia.ulec.online\/wp-content\/uploads\/2026\/02\/2logos-flowveo-768x247.png 768w, https:\/\/cursosia.ulec.online\/wp-content\/uploads\/2026\/02\/2logos-flowveo.png 1366w\" sizes=\"(max-width: 1024px) 100vw, 1024px\" \/>\t\t\t\t\t\t\t\t\t\t\t\t\t\t\t<\/div>\n\t\t\t\t\t<\/div>\n\t\t\t\t<\/div>\n\t\t<div class=\"elementor-element elementor-element-bd75680 e-flex e-con-boxed e-con e-parent\" data-id=\"bd75680\" data-element_type=\"container\" data-e-type=\"container\" data-settings=\"{&quot;background_background&quot;:&quot;classic&quot;}\">\n\t\t\t\t\t<div class=\"e-con-inner\">\n\t\t\t\t<div class=\"elementor-element elementor-element-92932f9 elementor-widget elementor-widget-text-editor\" data-id=\"92932f9\" data-element_type=\"widget\" data-e-type=\"widget\" data-widget_type=\"text-editor.default\">\n\t\t\t\t\t\t\t\t\t<p style=\"text-align: center;\"><span style=\"color: #339966;\"><b>3 Formas de aprovechar la IA <\/b><b>con lo que tenemos<\/b><\/span><\/p><ul><li><p><span style=\"color: #ffffff;\">Modelos de Inteligencia Artificial de texto a imagen luego video y sonidos.<\/span><\/p><\/li><li><p><span style=\"color: #ffffff;\">Videos cinematogr\u00e1ficos con IA usando Veo3 convierte una idea simple en un video listo para monetizar.<\/span><\/p><\/li><\/ul>\t\t\t\t\t\t\t\t<\/div>\n\t\t\t\t\t<\/div>\n\t\t\t\t<\/div>\n\t\t<div class=\"elementor-element elementor-element-89057b8 e-flex e-con-boxed e-con e-parent\" data-id=\"89057b8\" data-element_type=\"container\" data-e-type=\"container\" data-settings=\"{&quot;background_background&quot;:&quot;classic&quot;}\">\n\t\t\t\t\t<div class=\"e-con-inner\">\n\t\t\t\t<div class=\"elementor-element elementor-element-65b0a28 elementor-widget elementor-widget-text-editor\" data-id=\"65b0a28\" data-element_type=\"widget\" data-e-type=\"widget\" data-widget_type=\"text-editor.default\">\n\t\t\t\t\t\t\t\t\t<p style=\"text-align: center;\"><strong><span style=\"color: #ffffff;\">LOS LUGARES SON LIMITADOS<\/span><\/strong><\/p>\t\t\t\t\t\t\t\t<\/div>\n\t\t\t\t\t<\/div>\n\t\t\t\t<\/div>\n\t\t<div class=\"elementor-element elementor-element-a2f1f5c e-flex e-con-boxed e-con e-parent\" data-id=\"a2f1f5c\" data-element_type=\"container\" data-e-type=\"container\" data-settings=\"{&quot;background_background&quot;:&quot;classic&quot;}\">\n\t\t\t\t\t<div class=\"e-con-inner\">\n\t\t\t\t<div class=\"elementor-element elementor-element-328c402 elementor-widget elementor-widget-image\" data-id=\"328c402\" data-element_type=\"widget\" data-e-type=\"widget\" data-widget_type=\"image.default\">\n\t\t\t\t\t\t\t\t\t\t\t\t\t\t\t<img fetchpriority=\"high\" decoding=\"async\" width=\"1024\" height=\"308\" src=\"https:\/\/cursosia.ulec.online\/wp-content\/uploads\/2026\/02\/logosia-2-1024x308.png\" class=\"attachment-large size-large wp-image-19\" alt=\"\" srcset=\"https:\/\/cursosia.ulec.online\/wp-content\/uploads\/2026\/02\/logosia-2-1024x308.png 1024w, https:\/\/cursosia.ulec.online\/wp-content\/uploads\/2026\/02\/logosia-2-300x90.png 300w, https:\/\/cursosia.ulec.online\/wp-content\/uploads\/2026\/02\/logosia-2-768x231.png 768w, https:\/\/cursosia.ulec.online\/wp-content\/uploads\/2026\/02\/logosia-2-1536x462.png 1536w, https:\/\/cursosia.ulec.online\/wp-content\/uploads\/2026\/02\/logosia-2.png 1661w\" sizes=\"(max-width: 1024px) 100vw, 1024px\" \/>\t\t\t\t\t\t\t\t\t\t\t\t\t\t\t<\/div>\n\t\t\t\t\t<\/div>\n\t\t\t\t<\/div>\n\t\t<div class=\"elementor-element elementor-element-7c4a262 e-flex e-con-boxed e-con e-parent\" data-id=\"7c4a262\" data-element_type=\"container\" data-e-type=\"container\" data-settings=\"{&quot;background_background&quot;:&quot;classic&quot;}\">\n\t\t\t\t\t<div class=\"e-con-inner\">\n\t\t\t\t<div class=\"elementor-element elementor-element-f72b52e elementor-widget elementor-widget-image\" data-id=\"f72b52e\" data-element_type=\"widget\" data-e-type=\"widget\" data-widget_type=\"image.default\">\n\t\t\t\t\t\t\t\t\t\t\t\t\t\t\t<img loading=\"lazy\" decoding=\"async\" width=\"1024\" height=\"298\" src=\"https:\/\/cursosia.ulec.online\/wp-content\/uploads\/2026\/03\/texto2-2-1024x298.png\" class=\"attachment-large size-large wp-image-171\" alt=\"\" srcset=\"https:\/\/cursosia.ulec.online\/wp-content\/uploads\/2026\/03\/texto2-2-1024x298.png 1024w, https:\/\/cursosia.ulec.online\/wp-content\/uploads\/2026\/03\/texto2-2-300x87.png 300w, https:\/\/cursosia.ulec.online\/wp-content\/uploads\/2026\/03\/texto2-2-768x223.png 768w, https:\/\/cursosia.ulec.online\/wp-content\/uploads\/2026\/03\/texto2-2-1536x446.png 1536w, https:\/\/cursosia.ulec.online\/wp-content\/uploads\/2026\/03\/texto2-2.png 1831w\" sizes=\"(max-width: 1024px) 100vw, 1024px\" \/>\t\t\t\t\t\t\t\t\t\t\t\t\t\t\t<\/div>\n\t\t\t\t\t<\/div>\n\t\t\t\t<\/div>\n\t\t<div class=\"elementor-element elementor-element-5d54d55 e-flex e-con-boxed e-con e-parent\" data-id=\"5d54d55\" data-element_type=\"container\" data-e-type=\"container\" data-settings=\"{&quot;background_background&quot;:&quot;classic&quot;}\">\n\t\t\t\t\t<div class=\"e-con-inner\">\n\t\t\t\t<div class=\"elementor-element elementor-element-a984946 elementor-widget elementor-widget-text-editor\" data-id=\"a984946\" data-element_type=\"widget\" data-e-type=\"widget\" data-widget_type=\"text-editor.default\">\n\t\t\t\t\t\t\t\t\t<p style=\"text-align: center;\"><span style=\"color: #ffffff;\"><strong>No te quedes fuera ingresa ahora<\/strong><\/span><\/p>\t\t\t\t\t\t\t\t<\/div>\n\t\t\t\t\t<\/div>\n\t\t\t\t<\/div>\n\t\t<div class=\"elementor-element elementor-element-6e02fd2 e-flex e-con-boxed e-con e-parent\" data-id=\"6e02fd2\" data-element_type=\"container\" data-e-type=\"container\" data-settings=\"{&quot;background_background&quot;:&quot;classic&quot;}\">\n\t\t\t\t\t<div class=\"e-con-inner\">\n\t\t\t\t<div class=\"elementor-element elementor-element-319b324 elementor-widget elementor-widget-image\" data-id=\"319b324\" data-element_type=\"widget\" data-e-type=\"widget\" data-widget_type=\"image.default\">\n\t\t\t\t\t\t\t\t\t\t\t\t\t\t\t<img loading=\"lazy\" decoding=\"async\" width=\"150\" height=\"150\" src=\"https:\/\/cursosia.ulec.online\/wp-content\/uploads\/2026\/03\/MANO-150x150.png\" class=\"attachment-thumbnail size-thumbnail wp-image-163\" alt=\"\" srcset=\"https:\/\/cursosia.ulec.online\/wp-content\/uploads\/2026\/03\/MANO-150x150.png 150w, https:\/\/cursosia.ulec.online\/wp-content\/uploads\/2026\/03\/MANO-300x300.png 300w, https:\/\/cursosia.ulec.online\/wp-content\/uploads\/2026\/03\/MANO-768x768.png 768w, https:\/\/cursosia.ulec.online\/wp-content\/uploads\/2026\/03\/MANO.png 1024w\" sizes=\"(max-width: 150px) 100vw, 150px\" \/>\t\t\t\t\t\t\t\t\t\t\t\t\t\t\t<\/div>\n\t\t\t\t\t<\/div>\n\t\t\t\t<\/div>\n\t\t<div class=\"elementor-element elementor-element-a7574d4 e-flex e-con-boxed e-con e-parent\" data-id=\"a7574d4\" data-element_type=\"container\" data-e-type=\"container\" data-settings=\"{&quot;background_background&quot;:&quot;classic&quot;}\">\n\t\t\t\t\t<div class=\"e-con-inner\">\n\t\t\t\t<div class=\"elementor-element elementor-element-6dc8feb elementor-align-center elementor-widget elementor-widget-button\" data-id=\"6dc8feb\" data-element_type=\"widget\" data-e-type=\"widget\" data-widget_type=\"button.default\">\n\t\t\t\t\t\t\t\t\t\t<a class=\"elementor-button elementor-button-link elementor-size-sm elementor-animation-pulse\" href=\"https:\/\/chat.whatsapp.com\/I1o0o0qCjqk9Rv5GBLgb7I\">\n\t\t\t\t\t\t<span class=\"elementor-button-content-wrapper\">\n\t\t\t\t\t\t\t\t\t<span class=\"elementor-button-text\">RESERVAR MI LUGAR GRATUITO<\/span>\n\t\t\t\t\t<\/span>\n\t\t\t\t\t<\/a>\n\t\t\t\t\t\t\t\t<\/div>\n\t\t\t\t\t<\/div>\n\t\t\t\t<\/div>\n\t\t<div class=\"elementor-element elementor-element-ca84b31 e-flex e-con-boxed e-con e-parent\" data-id=\"ca84b31\" data-element_type=\"container\" data-e-type=\"container\" data-settings=\"{&quot;background_background&quot;:&quot;classic&quot;}\">\n\t\t\t\t\t<div class=\"e-con-inner\">\n\t\t\t\t\t<\/div>\n\t\t\t\t<\/div>\n\t\t\t\t<\/div>\n\t\t","protected":false},"excerpt":{"rendered":"<p>TALLER GRATUITO ONLINE QUIERO RESERVAR MI LUGAR ESTO ES LO QUE APRENDERAS Entiende como funciona la\u00a0 Inteligencia Artificial ChatGPT como nuestro mejor aliado, entiende como manejar y crear todo a partir de texto. Conoce el M\u00c9TODO A.R.C.O. para usar las herramientas de IA sin experiencia previa y con lenguaje sencillo. Aprende a usar una de [&hellip;]<\/p>\n","protected":false},"author":1,"featured_media":0,"parent":0,"menu_order":0,"comment_status":"closed","ping_status":"closed","template":"elementor_canvas","meta":{"footnotes":""},"class_list":["post-11","page","type-page","status-publish","hentry"],"_hostinger_reach_plugin_has_subscription_block":false,"_hostinger_reach_plugin_is_elementor":false,"_links":{"self":[{"href":"https:\/\/cursosia.ulec.online\/index.php?rest_route=\/wp\/v2\/pages\/11","targetHints":{"allow":["GET"]}}],"collection":[{"href":"https:\/\/cursosia.ulec.online\/index.php?rest_route=\/wp\/v2\/pages"}],"about":[{"href":"https:\/\/cursosia.ulec.online\/index.php?rest_route=\/wp\/v2\/types\/page"}],"author":[{"embeddable":true,"href":"https:\/\/cursosia.ulec.online\/index.php?rest_route=\/wp\/v2\/users\/1"}],"replies":[{"embeddable":true,"href":"https:\/\/cursosia.ulec.online\/index.php?rest_route=%2Fwp%2Fv2%2Fcomments&post=11"}],"version-history":[{"count":125,"href":"https:\/\/cursosia.ulec.online\/index.php?rest_route=\/wp\/v2\/pages\/11\/revisions"}],"predecessor-version":[{"id":194,"href":"https:\/\/cursosia.ulec.online\/index.php?rest_route=\/wp\/v2\/pages\/11\/revisions\/194"}],"wp:attachment":[{"href":"https:\/\/cursosia.ulec.online\/index.php?rest_route=%2Fwp%2Fv2%2Fmedia&parent=11"}],"curies":[{"name":"wp","href":"https:\/\/api.w.org\/{rel}","templated":true}]}}